{"id":2074,"date":"2025-12-16T08:13:29","date_gmt":"2025-12-16T08:13:29","guid":{"rendered":"https:\/\/clearsurf.shop\/?post_type=product&#038;p=2074"},"modified":"2026-01-11T21:37:14","modified_gmt":"2026-01-11T21:37:14","slug":"portable-car-jump-starter-with-air-compressor-5000a-12v-gasoline-diesel-engine-battery-enhancer-fast-charging-usb-output-jump-box-for-car-battery","status":"publish","type":"product","link":"https:\/\/clearsurf.shop\/es\/producto\/portable-car-jump-starter-with-air-compressor-5000a-12v-gasoline-diesel-engine-battery-enhancer-fast-charging-usb-output-jump-box-for-car-battery\/","title":{"rendered":"Arrancador de Salto de Coche Port\u00e1til con Compresor de Aire, 5000A 12V Potenciador de Bater\u00eda de Motor de Gasolina y Diesel, Caja de Salto de Salida USB de Carga R\u00e1pida para Bater\u00eda de Coche"},"content":{"rendered":"<div data-elementor-type=\"product-post\" data-elementor-id=\"2074\" class=\"elementor elementor-2074\" data-elementor-post-type=\"product\">\n\t\t\t\t<div class=\"elementor-element elementor-element-14c57693 e-flex e-con-boxed e-con e-parent\" data-id=\"14c57693\" data-element_type=\"container\" data-settings=\"{&quot;ekit_has_onepagescroll_dot&quot;:&quot;yes&quot;}\">\n\t\t\t\t\t<div class=\"e-con-inner\">\n\t\t\t\t<div class=\"elementor-element elementor-element-217a1b2 elementor-widget elementor-widget-image\" data-id=\"217a1b2\" data-element_type=\"widget\" data-settings=\"{&quot;ekit_we_effect_on&quot;:&quot;none&quot;}\" data-widget_type=\"image.default\">\n\t\t\t\t<div class=\"elementor-widget-container\">\n\t\t\t\t\t\t\t\t\t\t\t\t\t\t\t<img fetchpriority=\"high\" decoding=\"async\" width=\"800\" height=\"800\" src=\"https:\/\/clearsurf.shop\/wp-content\/uploads\/2025\/12\/4cc2d59b80c3404cb94a289a38d57d57tplv-aphluv4xwc-resize-webp_800_800-1.webp\" class=\"attachment-large size-large wp-image-2083 wvs-archive-product-image\" alt=\"\" srcset=\"https:\/\/clearsurf.shop\/wp-content\/uploads\/2025\/12\/4cc2d59b80c3404cb94a289a38d57d57tplv-aphluv4xwc-resize-webp_800_800-1.webp 800w, https:\/\/clearsurf.shop\/wp-content\/uploads\/2025\/12\/4cc2d59b80c3404cb94a289a38d57d57tplv-aphluv4xwc-resize-webp_800_800-1-300x300.webp 300w, https:\/\/clearsurf.shop\/wp-content\/uploads\/2025\/12\/4cc2d59b80c3404cb94a289a38d57d57tplv-aphluv4xwc-resize-webp_800_800-1-150x150.webp 150w, https:\/\/clearsurf.shop\/wp-content\/uploads\/2025\/12\/4cc2d59b80c3404cb94a289a38d57d57tplv-aphluv4xwc-resize-webp_800_800-1-768x768.webp 768w, https:\/\/clearsurf.shop\/wp-content\/uploads\/2025\/12\/4cc2d59b80c3404cb94a289a38d57d57tplv-aphluv4xwc-resize-webp_800_800-1-12x12.webp 12w, https:\/\/clearsurf.shop\/wp-content\/uploads\/2025\/12\/4cc2d59b80c3404cb94a289a38d57d57tplv-aphluv4xwc-resize-webp_800_800-1-600x600.webp 600w, https:\/\/clearsurf.shop\/wp-content\/uploads\/2025\/12\/4cc2d59b80c3404cb94a289a38d57d57tplv-aphluv4xwc-resize-webp_800_800-1-100x100.webp 100w, https:\/\/clearsurf.shop\/wp-content\/uploads\/2025\/12\/4cc2d59b80c3404cb94a289a38d57d57tplv-aphluv4xwc-resize-webp_800_800-1-50x50.webp 50w\" sizes=\"(max-width: 800px) 100vw, 800px\" \/>\t\t\t\t\t\t\t\t\t\t\t\t\t\t\t<\/div>\n\t\t\t\t<\/div>\n\t\t\t\t<div class=\"elementor-element elementor-element-4e70112 elementor-widget elementor-widget-image\" data-id=\"4e70112\" data-element_type=\"widget\" data-settings=\"{&quot;ekit_we_effect_on&quot;:&quot;none&quot;}\" data-widget_type=\"image.default\">\n\t\t\t\t<div class=\"elementor-widget-container\">\n\t\t\t\t\t\t\t\t\t\t\t\t\t\t\t<img decoding=\"async\" width=\"800\" height=\"800\" src=\"https:\/\/clearsurf.shop\/wp-content\/uploads\/2025\/12\/223fcf03c63342808366d27502568066tplv-aphluv4xwc-resize-webp_800_800-1.webp\" class=\"attachment-large size-large wp-image-2084 wvs-archive-product-image\" alt=\"\" srcset=\"https:\/\/clearsurf.shop\/wp-content\/uploads\/2025\/12\/223fcf03c63342808366d27502568066tplv-aphluv4xwc-resize-webp_800_800-1.webp 800w, https:\/\/clearsurf.shop\/wp-content\/uploads\/2025\/12\/223fcf03c63342808366d27502568066tplv-aphluv4xwc-resize-webp_800_800-1-300x300.webp 300w, https:\/\/clearsurf.shop\/wp-content\/uploads\/2025\/12\/223fcf03c63342808366d27502568066tplv-aphluv4xwc-resize-webp_800_800-1-150x150.webp 150w, https:\/\/clearsurf.shop\/wp-content\/uploads\/2025\/12\/223fcf03c63342808366d27502568066tplv-aphluv4xwc-resize-webp_800_800-1-768x768.webp 768w, https:\/\/clearsurf.shop\/wp-content\/uploads\/2025\/12\/223fcf03c63342808366d27502568066tplv-aphluv4xwc-resize-webp_800_800-1-12x12.webp 12w, https:\/\/clearsurf.shop\/wp-content\/uploads\/2025\/12\/223fcf03c63342808366d27502568066tplv-aphluv4xwc-resize-webp_800_800-1-600x600.webp 600w, https:\/\/clearsurf.shop\/wp-content\/uploads\/2025\/12\/223fcf03c63342808366d27502568066tplv-aphluv4xwc-resize-webp_800_800-1-100x100.webp 100w, https:\/\/clearsurf.shop\/wp-content\/uploads\/2025\/12\/223fcf03c63342808366d27502568066tplv-aphluv4xwc-resize-webp_800_800-1-50x50.webp 50w\" sizes=\"(max-width: 800px) 100vw, 800px\" \/>\t\t\t\t\t\t\t\t\t\t\t\t\t\t\t<\/div>\n\t\t\t\t<\/div>\n\t\t\t\t<div class=\"elementor-element elementor-element-e3e0e10 elementor-widget elementor-widget-image\" data-id=\"e3e0e10\" data-element_type=\"widget\" data-settings=\"{&quot;ekit_we_effect_on&quot;:&quot;none&quot;}\" data-widget_type=\"image.default\">\n\t\t\t\t<div class=\"elementor-widget-container\">\n\t\t\t\t\t\t\t\t\t\t\t\t\t\t\t<img decoding=\"async\" width=\"800\" height=\"800\" src=\"https:\/\/clearsurf.shop\/wp-content\/uploads\/2025\/12\/5561f5c102ea4d2e9849831febfcc930tplv-aphluv4xwc-resize-webp_800_800-1.webp\" class=\"attachment-large size-large wp-image-2085 wvs-archive-product-image\" alt=\"\" srcset=\"https:\/\/clearsurf.shop\/wp-content\/uploads\/2025\/12\/5561f5c102ea4d2e9849831febfcc930tplv-aphluv4xwc-resize-webp_800_800-1.webp 800w, https:\/\/clearsurf.shop\/wp-content\/uploads\/2025\/12\/5561f5c102ea4d2e9849831febfcc930tplv-aphluv4xwc-resize-webp_800_800-1-300x300.webp 300w, https:\/\/clearsurf.shop\/wp-content\/uploads\/2025\/12\/5561f5c102ea4d2e9849831febfcc930tplv-aphluv4xwc-resize-webp_800_800-1-150x150.webp 150w, https:\/\/clearsurf.shop\/wp-content\/uploads\/2025\/12\/5561f5c102ea4d2e9849831febfcc930tplv-aphluv4xwc-resize-webp_800_800-1-768x768.webp 768w, https:\/\/clearsurf.shop\/wp-content\/uploads\/2025\/12\/5561f5c102ea4d2e9849831febfcc930tplv-aphluv4xwc-resize-webp_800_800-1-12x12.webp 12w, https:\/\/clearsurf.shop\/wp-content\/uploads\/2025\/12\/5561f5c102ea4d2e9849831febfcc930tplv-aphluv4xwc-resize-webp_800_800-1-600x600.webp 600w, https:\/\/clearsurf.shop\/wp-content\/uploads\/2025\/12\/5561f5c102ea4d2e9849831febfcc930tplv-aphluv4xwc-resize-webp_800_800-1-100x100.webp 100w, https:\/\/clearsurf.shop\/wp-content\/uploads\/2025\/12\/5561f5c102ea4d2e9849831febfcc930tplv-aphluv4xwc-resize-webp_800_800-1-50x50.webp 50w\" sizes=\"(max-width: 800px) 100vw, 800px\" \/>\t\t\t\t\t\t\t\t\t\t\t\t\t\t\t<\/div>\n\t\t\t\t<\/div>\n\t\t\t\t<div class=\"elementor-element elementor-element-2d51c09 elementor-widget elementor-widget-image\" data-id=\"2d51c09\" data-element_type=\"widget\" data-settings=\"{&quot;ekit_we_effect_on&quot;:&quot;none&quot;}\" data-widget_type=\"image.default\">\n\t\t\t\t<div class=\"elementor-widget-container\">\n\t\t\t\t\t\t\t\t\t\t\t\t\t\t\t<img loading=\"lazy\" decoding=\"async\" width=\"800\" height=\"800\" src=\"https:\/\/clearsurf.shop\/wp-content\/uploads\/2025\/12\/028873a8fd304592bc4a8d3b4bc25099tplv-aphluv4xwc-resize-webp_800_800-1.webp\" class=\"attachment-large size-large wp-image-2086 wvs-archive-product-image\" alt=\"\" srcset=\"https:\/\/clearsurf.shop\/wp-content\/uploads\/2025\/12\/028873a8fd304592bc4a8d3b4bc25099tplv-aphluv4xwc-resize-webp_800_800-1.webp 800w, https:\/\/clearsurf.shop\/wp-content\/uploads\/2025\/12\/028873a8fd304592bc4a8d3b4bc25099tplv-aphluv4xwc-resize-webp_800_800-1-300x300.webp 300w, https:\/\/clearsurf.shop\/wp-content\/uploads\/2025\/12\/028873a8fd304592bc4a8d3b4bc25099tplv-aphluv4xwc-resize-webp_800_800-1-150x150.webp 150w, https:\/\/clearsurf.shop\/wp-content\/uploads\/2025\/12\/028873a8fd304592bc4a8d3b4bc25099tplv-aphluv4xwc-resize-webp_800_800-1-768x768.webp 768w, https:\/\/clearsurf.shop\/wp-content\/uploads\/2025\/12\/028873a8fd304592bc4a8d3b4bc25099tplv-aphluv4xwc-resize-webp_800_800-1-12x12.webp 12w, https:\/\/clearsurf.shop\/wp-content\/uploads\/2025\/12\/028873a8fd304592bc4a8d3b4bc25099tplv-aphluv4xwc-resize-webp_800_800-1-600x600.webp 600w, https:\/\/clearsurf.shop\/wp-content\/uploads\/2025\/12\/028873a8fd304592bc4a8d3b4bc25099tplv-aphluv4xwc-resize-webp_800_800-1-100x100.webp 100w, https:\/\/clearsurf.shop\/wp-content\/uploads\/2025\/12\/028873a8fd304592bc4a8d3b4bc25099tplv-aphluv4xwc-resize-webp_800_800-1-50x50.webp 50w\" sizes=\"(max-width: 800px) 100vw, 800px\" \/>\t\t\t\t\t\t\t\t\t\t\t\t\t\t\t<\/div>\n\t\t\t\t<\/div>\n\t\t\t\t<div class=\"elementor-element elementor-element-ff2cd58 elementor-widget elementor-widget-image\" data-id=\"ff2cd58\" data-element_type=\"widget\" data-settings=\"{&quot;ekit_we_effect_on&quot;:&quot;none&quot;}\" data-widget_type=\"image.default\">\n\t\t\t\t<div class=\"elementor-widget-container\">\n\t\t\t\t\t\t\t\t\t\t\t\t\t\t\t<img loading=\"lazy\" decoding=\"async\" width=\"800\" height=\"800\" src=\"https:\/\/clearsurf.shop\/wp-content\/uploads\/2025\/12\/22739429d6ac43ca80935c1727ef71e6tplv-aphluv4xwc-resize-webp_800_800-1.webp\" class=\"attachment-large size-large wp-image-2087 wvs-archive-product-image\" alt=\"\" srcset=\"https:\/\/clearsurf.shop\/wp-content\/uploads\/2025\/12\/22739429d6ac43ca80935c1727ef71e6tplv-aphluv4xwc-resize-webp_800_800-1.webp 800w, https:\/\/clearsurf.shop\/wp-content\/uploads\/2025\/12\/22739429d6ac43ca80935c1727ef71e6tplv-aphluv4xwc-resize-webp_800_800-1-300x300.webp 300w, https:\/\/clearsurf.shop\/wp-content\/uploads\/2025\/12\/22739429d6ac43ca80935c1727ef71e6tplv-aphluv4xwc-resize-webp_800_800-1-150x150.webp 150w, https:\/\/clearsurf.shop\/wp-content\/uploads\/2025\/12\/22739429d6ac43ca80935c1727ef71e6tplv-aphluv4xwc-resize-webp_800_800-1-768x768.webp 768w, https:\/\/clearsurf.shop\/wp-content\/uploads\/2025\/12\/22739429d6ac43ca80935c1727ef71e6tplv-aphluv4xwc-resize-webp_800_800-1-12x12.webp 12w, https:\/\/clearsurf.shop\/wp-content\/uploads\/2025\/12\/22739429d6ac43ca80935c1727ef71e6tplv-aphluv4xwc-resize-webp_800_800-1-600x600.webp 600w, https:\/\/clearsurf.shop\/wp-content\/uploads\/2025\/12\/22739429d6ac43ca80935c1727ef71e6tplv-aphluv4xwc-resize-webp_800_800-1-100x100.webp 100w, https:\/\/clearsurf.shop\/wp-content\/uploads\/2025\/12\/22739429d6ac43ca80935c1727ef71e6tplv-aphluv4xwc-resize-webp_800_800-1-50x50.webp 50w\" sizes=\"(max-width: 800px) 100vw, 800px\" \/>\t\t\t\t\t\t\t\t\t\t\t\t\t\t\t<\/div>\n\t\t\t\t<\/div>\n\t\t\t\t<div class=\"elementor-element elementor-element-914f5ae elementor-widget elementor-widget-image\" data-id=\"914f5ae\" data-element_type=\"widget\" data-settings=\"{&quot;ekit_we_effect_on&quot;:&quot;none&quot;}\" data-widget_type=\"image.default\">\n\t\t\t\t<div class=\"elementor-widget-container\">\n\t\t\t\t\t\t\t\t\t\t\t\t\t\t\t<img loading=\"lazy\" decoding=\"async\" width=\"800\" height=\"800\" src=\"https:\/\/clearsurf.shop\/wp-content\/uploads\/2025\/12\/a765be95a3aa42beaa1bcaf27c2c9585tplv-aphluv4xwc-resize-webp_800_800.webp\" class=\"attachment-large size-large wp-image-2088 wvs-archive-product-image\" alt=\"\" srcset=\"https:\/\/clearsurf.shop\/wp-content\/uploads\/2025\/12\/a765be95a3aa42beaa1bcaf27c2c9585tplv-aphluv4xwc-resize-webp_800_800.webp 800w, https:\/\/clearsurf.shop\/wp-content\/uploads\/2025\/12\/a765be95a3aa42beaa1bcaf27c2c9585tplv-aphluv4xwc-resize-webp_800_800-300x300.webp 300w, https:\/\/clearsurf.shop\/wp-content\/uploads\/2025\/12\/a765be95a3aa42beaa1bcaf27c2c9585tplv-aphluv4xwc-resize-webp_800_800-150x150.webp 150w, https:\/\/clearsurf.shop\/wp-content\/uploads\/2025\/12\/a765be95a3aa42beaa1bcaf27c2c9585tplv-aphluv4xwc-resize-webp_800_800-768x768.webp 768w, https:\/\/clearsurf.shop\/wp-content\/uploads\/2025\/12\/a765be95a3aa42beaa1bcaf27c2c9585tplv-aphluv4xwc-resize-webp_800_800-12x12.webp 12w, https:\/\/clearsurf.shop\/wp-content\/uploads\/2025\/12\/a765be95a3aa42beaa1bcaf27c2c9585tplv-aphluv4xwc-resize-webp_800_800-600x600.webp 600w, https:\/\/clearsurf.shop\/wp-content\/uploads\/2025\/12\/a765be95a3aa42beaa1bcaf27c2c9585tplv-aphluv4xwc-resize-webp_800_800-100x100.webp 100w, https:\/\/clearsurf.shop\/wp-content\/uploads\/2025\/12\/a765be95a3aa42beaa1bcaf27c2c9585tplv-aphluv4xwc-resize-webp_800_800-50x50.webp 50w\" sizes=\"(max-width: 800px) 100vw, 800px\" \/>\t\t\t\t\t\t\t\t\t\t\t\t\t\t\t<\/div>\n\t\t\t\t<\/div>\n\t\t\t\t<div class=\"elementor-element elementor-element-a65a30f elementor-widget elementor-widget-image\" data-id=\"a65a30f\" data-element_type=\"widget\" data-settings=\"{&quot;ekit_we_effect_on&quot;:&quot;none&quot;}\" data-widget_type=\"image.default\">\n\t\t\t\t<div class=\"elementor-widget-container\">\n\t\t\t\t\t\t\t\t\t\t\t\t\t\t\t<img loading=\"lazy\" decoding=\"async\" width=\"800\" height=\"800\" src=\"https:\/\/clearsurf.shop\/wp-content\/uploads\/2025\/12\/e847d7f0aa5a451da5795422cbd797aftplv-aphluv4xwc-resize-webp_800_800.webp\" class=\"attachment-large size-large wp-image-2089 wvs-archive-product-image\" alt=\"\" srcset=\"https:\/\/clearsurf.shop\/wp-content\/uploads\/2025\/12\/e847d7f0aa5a451da5795422cbd797aftplv-aphluv4xwc-resize-webp_800_800.webp 800w, https:\/\/clearsurf.shop\/wp-content\/uploads\/2025\/12\/e847d7f0aa5a451da5795422cbd797aftplv-aphluv4xwc-resize-webp_800_800-300x300.webp 300w, https:\/\/clearsurf.shop\/wp-content\/uploads\/2025\/12\/e847d7f0aa5a451da5795422cbd797aftplv-aphluv4xwc-resize-webp_800_800-150x150.webp 150w, https:\/\/clearsurf.shop\/wp-content\/uploads\/2025\/12\/e847d7f0aa5a451da5795422cbd797aftplv-aphluv4xwc-resize-webp_800_800-768x768.webp 768w, https:\/\/clearsurf.shop\/wp-content\/uploads\/2025\/12\/e847d7f0aa5a451da5795422cbd797aftplv-aphluv4xwc-resize-webp_800_800-12x12.webp 12w, https:\/\/clearsurf.shop\/wp-content\/uploads\/2025\/12\/e847d7f0aa5a451da5795422cbd797aftplv-aphluv4xwc-resize-webp_800_800-600x600.webp 600w, https:\/\/clearsurf.shop\/wp-content\/uploads\/2025\/12\/e847d7f0aa5a451da5795422cbd797aftplv-aphluv4xwc-resize-webp_800_800-100x100.webp 100w, https:\/\/clearsurf.shop\/wp-content\/uploads\/2025\/12\/e847d7f0aa5a451da5795422cbd797aftplv-aphluv4xwc-resize-webp_800_800-50x50.webp 50w\" sizes=\"(max-width: 800px) 100vw, 800px\" \/>\t\t\t\t\t\t\t\t\t\t\t\t\t\t\t<\/div>\n\t\t\t\t<\/div>\n\t\t\t\t<div class=\"elementor-element elementor-element-13f32b6c elementor-widget elementor-widget-text-editor\" data-id=\"13f32b6c\" data-element_type=\"widget\" data-settings=\"{&quot;ekit_we_effect_on&quot;:&quot;none&quot;}\" data-widget_type=\"text-editor.default\">\n\t\t\t\t<div class=\"elementor-widget-container\">\n\t\t\t\t\t\t\t\t\t<ul><li>Inversor<\/li><li>Modelos aplicables: veh\u00edculo de gasolina 12v\/veh\u00edculo diesel 12v<\/li><li>Tensi\u00f3n de entrada: 220<\/li><li>Tipo de protecci\u00f3n: protecci\u00f3n contra cortocircuitos, protecci\u00f3n contra sobrecarga, etc.<\/li><\/ul>\t\t\t\t\t\t\t\t<\/div>\n\t\t\t\t<\/div>\n\t\t\t\t\t<\/div>\n\t\t\t\t<\/div>\n\t\t\t\t<\/div>","protected":false},"excerpt":{"rendered":"<p>Inversor Modelos aplicables: veh\u00edculo de gasolina 12v\/veh\u00edculo diesel 12v Voltaje de entrada: 220 Tipo de protecci\u00f3n: protecci\u00f3n contra cortocircuitos, protecci\u00f3n contra sobrecarga, etc.<\/p>","protected":false},"featured_media":2075,"comment_status":"open","ping_status":"closed","template":"","meta":{"_acf_changed":false},"product_brand":[],"product_cat":[47],"product_tag":[],"class_list":{"0":"post-2074","1":"product","2":"type-product","3":"status-publish","4":"has-post-thumbnail","6":"product_cat-best-seller","8":"first","9":"instock","10":"sale","11":"shipping-taxable","12":"purchasable","13":"product-type-simple"},"acf":[],"_links":{"self":[{"href":"https:\/\/clearsurf.shop\/es\/wp-json\/wp\/v2\/product\/2074","targetHints":{"allow":["GET"]}}],"collection":[{"href":"https:\/\/clearsurf.shop\/es\/wp-json\/wp\/v2\/product"}],"about":[{"href":"https:\/\/clearsurf.shop\/es\/wp-json\/wp\/v2\/types\/product"}],"replies":[{"embeddable":true,"href":"https:\/\/clearsurf.shop\/es\/wp-json\/wp\/v2\/comments?post=2074"}],"version-history":[{"count":5,"href":"https:\/\/clearsurf.shop\/es\/wp-json\/wp\/v2\/product\/2074\/revisions"}],"predecessor-version":[{"id":2092,"href":"https:\/\/clearsurf.shop\/es\/wp-json\/wp\/v2\/product\/2074\/revisions\/2092"}],"wp:featuredmedia":[{"embeddable":true,"href":"https:\/\/clearsurf.shop\/es\/wp-json\/wp\/v2\/media\/2075"}],"wp:attachment":[{"href":"https:\/\/clearsurf.shop\/es\/wp-json\/wp\/v2\/media?parent=2074"}],"wp:term":[{"taxonomy":"product_brand","embeddable":true,"href":"https:\/\/clearsurf.shop\/es\/wp-json\/wp\/v2\/product_brand?post=2074"},{"taxonomy":"product_cat","embeddable":true,"href":"https:\/\/clearsurf.shop\/es\/wp-json\/wp\/v2\/product_cat?post=2074"},{"taxonomy":"product_tag","embeddable":true,"href":"https:\/\/clearsurf.shop\/es\/wp-json\/wp\/v2\/product_tag?post=2074"}],"curies":[{"name":"wp","href":"https:\/\/api.w.org\/{rel}","templated":true}]}}